{"id":4817,"date":"2021-03-12T09:45:55","date_gmt":"2021-03-12T08:45:55","guid":{"rendered":"https:\/\/ramoge.org\/mentions-legales\/"},"modified":"2024-04-23T11:12:23","modified_gmt":"2024-04-23T09:12:23","slug":"legal-notice","status":"publish","type":"page","link":"https:\/\/ramoge.org\/en\/legal-notice\/","title":{"rendered":"Legal notice"},"content":{"rendered":"<p>Le site <a href=\"\/\">ramoge.org<\/a> est \u00e9dit\u00e9, g\u00e9r\u00e9 et mis \u00e0 jour par <strong>SOCIETE<\/strong>, <strong>TYPE_SOCIETE<\/strong> au capital de <strong>CAPITAL<\/strong> euros dont le si\u00e8ge social se situe au : 36 Av de l&#8217;Annonciade &#8211; 98000 Monaco.<br \/>\nT\u00e9l. <a title=\"Nous contacter par t\u00e9l\u00e9phone\" href=\"tel:+37798984229\">(+377) 98 98 42 29<\/a><\/p>\n<p>Directeurs de la publication : <strong>PUBLICATION<\/strong><br \/>\nE-mail : <a href=\"mailto:contact@ramoge.org\">contact@ramoge.org<\/a><\/p>\n<p>Cr\u00e9dits photos : Adobe Stock ; Marine Nationale Fran\u00e7aise ; A.M.P.N. &#8211; J.M. Mille ; Mercomm &#8211; Marco Repetto ; Sandrine Agnelli ; Pierre Pettavino<\/p>\n<p>H\u00e9bergement du site assur\u00e9 par la soci\u00e9t\u00e9<br \/>\nSARL o2switch \u2013 222-224 Boulevard Gustave Flaubert \u2013 63000 Clermont-Ferrand \u2013 France.<\/p>\n<h1>Contenu et objet du site<\/h1>\n<p>Le site <a href=\"\/\">ramoge.org<\/a> contient des informations relatives aux prestations r\u00e9alis\u00e9es par la soci\u00e9t\u00e9 <strong>SOCIETE<\/strong>.<\/p>\n<p>Toute information fournie sur le site <a href=\"\/\">ramoge.org<\/a> l\u2019est exclusivement \u00e0 titre indicatif.<\/p>\n<p>L\u2019information contenue sur ce site est con\u00e7ue pour \u00eatre aussi exhaustive que possible et ne constitue pas une offre de vente. La soci\u00e9t\u00e9 <strong>SOCIETE<\/strong> se r\u00e9serve le droit d\u2019apporter, \u00e0 tout moment et sans pr\u00e9avis, des modifications au contenu du site, y compris aux produits ou services, \u00e0 leurs caract\u00e9ristiques et disponibilit\u00e9.<\/p>\n<h1>Avis de propri\u00e9t\u00e9 intellectuelle<\/h1>\n<p>Tous les \u00e9l\u00e9ments, contenus du site (photos, textes, slogans, dessins, animations, bandes sonores\u2026) sont la propri\u00e9t\u00e9 de <strong>SOCIETE<\/strong> ou de tiers ayant autoris\u00e9 <strong>SOCIETE<\/strong> \u00e0 les utiliser.<\/p>\n<p>Toute reproduction, repr\u00e9sentation, traduction, adaptation, ou citation qu\u2019elle soit int\u00e9grale ou partielle, quel qu\u2019en soit le proc\u00e9d\u00e9, est strictement interdite sans autorisation de la soci\u00e9t\u00e9 <strong>SOCIETE<\/strong>, sauf cas pr\u00e9vus par l\u2019article L.112-5 du code de la propri\u00e9t\u00e9 intellectuelle. Les marques cit\u00e9es sont la propri\u00e9t\u00e9 de leurs d\u00e9tenteurs respectifs. Photos non contractuelles.<\/p>\n<h1>Liens externes<\/h1>\n<p>Les liens externes pr\u00e9sents sur le site redirigent l\u2019utilisateur vers des sites dont le contenu et plac\u00e9 sous la responsabilit\u00e9 des \u00e9diteurs de ces sites. <strong>SOCIETE<\/strong> ne peut \u00eatre tenue responsable du contenu de ces sites.<\/p>\n<p>Le site et son contenu sont soumis au droit fran\u00e7ais.<\/p>\n","protected":false},"excerpt":{"rendered":"<p>Le site ramoge.org est \u00e9dit\u00e9, g\u00e9r\u00e9 et mis \u00e0 jour par SOCIETE, TYPE_SOCIETE au capital de CAPITAL euros dont le si\u00e8ge social se situe au : 36 Av de l&#8217;Annonciade &#8211; 98000 Monaco. T\u00e9l. (+377) 98 98 42 29 Directeurs<span class=\"ellipsis\">&hellip;<\/span> <a href=\"https:\/\/ramoge.org\/en\/legal-notice\/\"><\/p>\n<div class=\"read-more\">Read more &#8250;<\/div>\n<p><!-- end of .read-more --><\/a><\/p>\n","protected":false},"author":1,"featured_media":0,"parent":0,"menu_order":0,"comment_status":"closed","ping_status":"closed","template":"template-full-width.php","meta":{"footnotes":""},"class_list":["post-4817","page","type-page","status-publish","hentry"],"acf":[],"aioseo_notices":[],"_links":{"self":[{"href":"https:\/\/ramoge.org\/en\/wp-json\/wp\/v2\/pages\/4817","targetHints":{"allow":["GET"]}}],"collection":[{"href":"https:\/\/ramoge.org\/en\/wp-json\/wp\/v2\/pages"}],"about":[{"href":"https:\/\/ramoge.org\/en\/wp-json\/wp\/v2\/types\/page"}],"author":[{"embeddable":true,"href":"https:\/\/ramoge.org\/en\/wp-json\/wp\/v2\/users\/1"}],"replies":[{"embeddable":true,"href":"https:\/\/ramoge.org\/en\/wp-json\/wp\/v2\/comments?post=4817"}],"version-history":[{"count":1,"href":"https:\/\/ramoge.org\/en\/wp-json\/wp\/v2\/pages\/4817\/revisions"}],"predecessor-version":[{"id":4818,"href":"https:\/\/ramoge.org\/en\/wp-json\/wp\/v2\/pages\/4817\/revisions\/4818"}],"wp:attachment":[{"href":"https:\/\/ramoge.org\/en\/wp-json\/wp\/v2\/media?parent=4817"}],"curies":[{"name":"wp","href":"https:\/\/api.w.org\/{rel}","templated":true}]}}